{"id":6,"date":"2018-08-18T20:38:17","date_gmt":"2018-08-18T20:38:17","guid":{"rendered":"https:\/\/jupiterx.artbees.net\/lucetius\/?page_id=6"},"modified":"2022-04-23T19:03:25","modified_gmt":"2022-04-23T17:03:25","slug":"home","status":"publish","type":"page","link":"https:\/\/shikacon.de\/","title":{"rendered":"Home"},"content":{"rendered":"<h1>ShikaCon &#8211; Die Con im Feriendorf<\/h1>\n<p>Datum Folgt &#8211; CVJM FERIENDORF WILDFLECKEN&nbsp;<\/p>\n<p><a href=\"#\"><br \/>\nANMELDUNG FOLGT<br \/>\n<\/a><\/p>\n<h2>Was ist die ShikaCon?<\/h2>\n<p>Die erste in einem Feriendorf.<\/p>\n<p>Stell dir vor, du wachst auf und bist in der Natur.<\/p>\n<p>Wir sind die einzige Con auf der du direkt auf dem Gel\u00e4nde \u00dcbernachten kannst und darfst.&nbsp;<\/p>\n<h2>ORGANISATION<\/h2>\n<p>Die ShikaCon ist ein Event organisiert von Fans f\u00fcr Fans f\u00fcr den deutschsprachigen Raum der Fanbase, also Deutschland, \u00d6sterreich und Schweiz. So fand das erste WWU im Jahr 2012 in Frankfurt am Main statt und wurde zuerst von einer Gruppe, die sich \u00fcber Facebook kannte, ins Leben gerufen. Nach langem Hin und Her wurde es dann von einem User (Saij) des gr\u00f6\u00dften deutschsprachigen Fan-Forums (Bronies.de) \u00fcbernommen. Dieser organisierte die 2012er Ausgabe des WWU\u2019s und schaffte es, trotz der wenigen Zeit die er noch zur Verf\u00fcgung hatte, das Event zu einem erfolgreich und denkw\u00fcrdigen Ereignis zu machen.<br \/>\nSeit 2013 organisiert eine kleine Gruppe von Freunden aus dem Bronies.de Forum, bestehend aus Sweetie Pie, Lizard, Kruemelmonster und Sindu dieses Event. Zusammen mit vielen freiwilligen Helfern, die ebenfalls aus dem Fandom stammen wurde die 2013er Ausgabe des WWU\u2019s bei Butzbach im Pfadfinderzentrum Donnerskopf ausgerichtet.<br \/>\nVon 2014 bis 2018 fand das WWU im Feriendorf Wildflecken statt. Die Location in Butzbach ist nun 2019 wieder f\u00fcr ein Gastspiel ausgew\u00e4hlt worden.<\/p>\n<h2>PREISE<\/h2>\n<p>Tickets gibt es ab &#8230;. Euro inklusive \u00dcbernachtung und Fr\u00fchst\u00fcck \/ Abendessen<\/p>\n<h2>PARTNER<\/h2>\n<p><img decoding=\"async\" src=\"http:\/\/beta.winterwrapup.eu\/wp-content\/uploads\/2021\/05\/broniesde-bannerneu.png\" title=\"\" alt=\"\"><br \/>\n<img decoding=\"async\" src=\"http:\/\/beta.winterwrapup.eu\/wp-content\/uploads\/2021\/05\/d56v4gc-88aacbc1-4831-4b0e-94e1-33b8e79e0cc2.png\" title=\"\" alt=\"\"><br \/>\n<img decoding=\"async\" src=\"http:\/\/beta.winterwrapup.eu\/wp-content\/uploads\/2021\/05\/flowers.png\" title=\"\" alt=\"\"><\/p>\n<p>Sie m\u00f6chten auch ein Teil der ShikaCon werden? Schreiben Sie uns eine Mail via Kontaktformular mit Ihren Vorstellungen.<\/p>\n<figure class=\"gallery-item\">\n\t\t\t\t<a data-elementor-open-lightbox=\"yes\" data-elementor-lightbox-slideshow=\"1b2012b\" data-elementor-lightbox-title=\"15A7959E-74E5-463D-A24C-72339DA83D08\" e-action-hash=\"#elementor-action%3Aaction%3Dlightbox%26settings%3DeyJpZCI6NDAwLCJ1cmwiOiJodHRwOlwvXC9zaGlrYWNvbi5kZVwvd3AtY29udGVudFwvdXBsb2Fkc1wvMjAyMlwvMDRcLzE1QTc5NTlFLTc0RTUtNDYzRC1BMjRDLTcyMzM5REE4M0QwOC5qcGciLCJzbGlkZXNob3ciOiIxYjIwMTJiIn0%3D\" href=\"http:\/\/shikacon.de\/wp-content\/uploads\/2022\/04\/15A7959E-74E5-463D-A24C-72339DA83D08.jpg\"><img decoding=\"async\" width=\"300\" height=\"225\" src=\"http:\/\/shikacon.de\/wp-content\/uploads\/2022\/04\/15A7959E-74E5-463D-A24C-72339DA83D08-300x225.jpg\" alt=\"\" loading=\"lazy\" srcset=\"https:\/\/shikacon.de\/wp-content\/uploads\/2022\/04\/15A7959E-74E5-463D-A24C-72339DA83D08-300x225.jpg 300w, https:\/\/shikacon.de\/wp-content\/uploads\/2022\/04\/15A7959E-74E5-463D-A24C-72339DA83D08-768x576.jpg 768w, https:\/\/shikacon.de\/wp-content\/uploads\/2022\/04\/15A7959E-74E5-463D-A24C-72339DA83D08.jpg 798w\" sizes=\"auto, (max-width: 300px) 100vw, 300px\"><\/a><\/figure>\n<figure class=\"gallery-item\">\n\t\t\t\t<a data-elementor-open-lightbox=\"yes\" data-elementor-lightbox-slideshow=\"1b2012b\" data-elementor-lightbox-title=\"big_8518153_0_500-375\" e-action-hash=\"#elementor-action%3Aaction%3Dlightbox%26settings%3DeyJpZCI6NDAxLCJ1cmwiOiJodHRwOlwvXC9zaGlrYWNvbi5kZVwvd3AtY29udGVudFwvdXBsb2Fkc1wvMjAyMlwvMDRcL2JpZ184NTE4MTUzXzBfNTAwLTM3NS5wbmciLCJzbGlkZXNob3ciOiIxYjIwMTJiIn0%3D\" href=\"http:\/\/shikacon.de\/wp-content\/uploads\/2022\/04\/big_8518153_0_500-375.png\"><img decoding=\"async\" width=\"300\" height=\"225\" src=\"http:\/\/shikacon.de\/wp-content\/uploads\/2022\/04\/big_8518153_0_500-375-300x225.png\" alt=\"\" loading=\"lazy\" srcset=\"https:\/\/shikacon.de\/wp-content\/uploads\/2022\/04\/big_8518153_0_500-375-300x225.png 300w, https:\/\/shikacon.de\/wp-content\/uploads\/2022\/04\/big_8518153_0_500-375.png 500w\" sizes=\"auto, (max-width: 300px) 100vw, 300px\"><\/a><\/figure>\n<figure class=\"gallery-item\">\n\t\t\t\t<a data-elementor-open-lightbox=\"yes\" data-elementor-lightbox-slideshow=\"1b2012b\" data-elementor-lightbox-title=\"47215245\" e-action-hash=\"#elementor-action%3Aaction%3Dlightbox%26settings%3DeyJpZCI6NDAyLCJ1cmwiOiJodHRwOlwvXC9zaGlrYWNvbi5kZVwvd3AtY29udGVudFwvdXBsb2Fkc1wvMjAyMlwvMDRcLzQ3MjE1MjQ1LnBuZyIsInNsaWRlc2hvdyI6IjFiMjAxMmIifQ%3D%3D\" href=\"http:\/\/shikacon.de\/wp-content\/uploads\/2022\/04\/47215245.png\"><img decoding=\"async\" width=\"300\" height=\"225\" src=\"http:\/\/shikacon.de\/wp-content\/uploads\/2022\/04\/47215245-300x225.png\" alt=\"\" loading=\"lazy\" srcset=\"https:\/\/shikacon.de\/wp-content\/uploads\/2022\/04\/47215245-300x225.png 300w, https:\/\/shikacon.de\/wp-content\/uploads\/2022\/04\/47215245.png 600w\" sizes=\"auto, (max-width: 300px) 100vw, 300px\"><\/a><\/figure>\n<figure class=\"gallery-item\">\n\t\t\t\t<a data-elementor-open-lightbox=\"yes\" data-elementor-lightbox-slideshow=\"1b2012b\" data-elementor-lightbox-title=\"47215250\" e-action-hash=\"#elementor-action%3Aaction%3Dlightbox%26settings%3DeyJpZCI6NDAzLCJ1cmwiOiJodHRwOlwvXC9zaGlrYWNvbi5kZVwvd3AtY29udGVudFwvdXBsb2Fkc1wvMjAyMlwvMDRcLzQ3MjE1MjUwLnBuZyIsInNsaWRlc2hvdyI6IjFiMjAxMmIifQ%3D%3D\" href=\"http:\/\/shikacon.de\/wp-content\/uploads\/2022\/04\/47215250.png\"><img decoding=\"async\" width=\"300\" height=\"225\" src=\"http:\/\/shikacon.de\/wp-content\/uploads\/2022\/04\/47215250-300x225.png\" alt=\"\" loading=\"lazy\" srcset=\"https:\/\/shikacon.de\/wp-content\/uploads\/2022\/04\/47215250-300x225.png 300w, https:\/\/shikacon.de\/wp-content\/uploads\/2022\/04\/47215250.png 600w\" sizes=\"auto, (max-width: 300px) 100vw, 300px\"><\/a><\/figure>\n<figure class=\"gallery-item\">\n\t\t\t\t<a data-elementor-open-lightbox=\"yes\" data-elementor-lightbox-slideshow=\"1b2012b\" data-elementor-lightbox-title=\"47215260\" e-action-hash=\"#elementor-action%3Aaction%3Dlightbox%26settings%3DeyJpZCI6NDA0LCJ1cmwiOiJodHRwOlwvXC9zaGlrYWNvbi5kZVwvd3AtY29udGVudFwvdXBsb2Fkc1wvMjAyMlwvMDRcLzQ3MjE1MjYwLnBuZyIsInNsaWRlc2hvdyI6IjFiMjAxMmIifQ%3D%3D\" href=\"http:\/\/shikacon.de\/wp-content\/uploads\/2022\/04\/47215260.png\"><img decoding=\"async\" width=\"300\" height=\"225\" src=\"http:\/\/shikacon.de\/wp-content\/uploads\/2022\/04\/47215260-300x225.png\" alt=\"\" loading=\"lazy\" srcset=\"https:\/\/shikacon.de\/wp-content\/uploads\/2022\/04\/47215260-300x225.png 300w, https:\/\/shikacon.de\/wp-content\/uploads\/2022\/04\/47215260.png 600w\" sizes=\"auto, (max-width: 300px) 100vw, 300px\"><\/a><\/figure>\n<figure class=\"gallery-item\">\n\t\t\t\t<a data-elementor-open-lightbox=\"yes\" data-elementor-lightbox-slideshow=\"1b2012b\" data-elementor-lightbox-title=\"47215205\" e-action-hash=\"#elementor-action%3Aaction%3Dlightbox%26settings%3DeyJpZCI6NDA1LCJ1cmwiOiJodHRwOlwvXC9zaGlrYWNvbi5kZVwvd3AtY29udGVudFwvdXBsb2Fkc1wvMjAyMlwvMDRcLzQ3MjE1MjA1LnBuZyIsInNsaWRlc2hvdyI6IjFiMjAxMmIifQ%3D%3D\" href=\"http:\/\/shikacon.de\/wp-content\/uploads\/2022\/04\/47215205.png\"><img decoding=\"async\" width=\"300\" height=\"225\" src=\"http:\/\/shikacon.de\/wp-content\/uploads\/2022\/04\/47215205-300x225.png\" alt=\"\" loading=\"lazy\" srcset=\"https:\/\/shikacon.de\/wp-content\/uploads\/2022\/04\/47215205-300x225.png 300w, https:\/\/shikacon.de\/wp-content\/uploads\/2022\/04\/47215205.png 600w\" sizes=\"auto, (max-width: 300px) 100vw, 300px\"><\/a><\/figure>\n<figure class=\"gallery-item\">\n\t\t\t\t<a data-elementor-open-lightbox=\"yes\" data-elementor-lightbox-slideshow=\"1b2012b\" data-elementor-lightbox-title=\"47215285\" e-action-hash=\"#elementor-action%3Aaction%3Dlightbox%26settings%3DeyJpZCI6NDA2LCJ1cmwiOiJodHRwOlwvXC9zaGlrYWNvbi5kZVwvd3AtY29udGVudFwvdXBsb2Fkc1wvMjAyMlwvMDRcLzQ3MjE1Mjg1LnBuZyIsInNsaWRlc2hvdyI6IjFiMjAxMmIifQ%3D%3D\" href=\"http:\/\/shikacon.de\/wp-content\/uploads\/2022\/04\/47215285.png\"><img decoding=\"async\" width=\"300\" height=\"225\" src=\"http:\/\/shikacon.de\/wp-content\/uploads\/2022\/04\/47215285-300x225.png\" alt=\"\" loading=\"lazy\" srcset=\"https:\/\/shikacon.de\/wp-content\/uploads\/2022\/04\/47215285-300x225.png 300w, https:\/\/shikacon.de\/wp-content\/uploads\/2022\/04\/47215285.png 600w\" sizes=\"auto, (max-width: 300px) 100vw, 300px\"><\/a><\/figure>\n<figure class=\"gallery-item\">\n\t\t\t\t<a data-elementor-open-lightbox=\"yes\" data-elementor-lightbox-slideshow=\"1b2012b\" data-elementor-lightbox-title=\"47215290\" e-action-hash=\"#elementor-action%3Aaction%3Dlightbox%26settings%3DeyJpZCI6NDA3LCJ1cmwiOiJodHRwOlwvXC9zaGlrYWNvbi5kZVwvd3AtY29udGVudFwvdXBsb2Fkc1wvMjAyMlwvMDRcLzQ3MjE1MjkwLnBuZyIsInNsaWRlc2hvdyI6IjFiMjAxMmIifQ%3D%3D\" href=\"http:\/\/shikacon.de\/wp-content\/uploads\/2022\/04\/47215290.png\"><img decoding=\"async\" width=\"300\" height=\"225\" src=\"http:\/\/shikacon.de\/wp-content\/uploads\/2022\/04\/47215290-300x225.png\" alt=\"\" loading=\"lazy\" srcset=\"https:\/\/shikacon.de\/wp-content\/uploads\/2022\/04\/47215290-300x225.png 300w, https:\/\/shikacon.de\/wp-content\/uploads\/2022\/04\/47215290.png 600w\" sizes=\"auto, (max-width: 300px) 100vw, 300px\"><\/a><\/figure>\n<p><iframe frameborder=\"0\" scrolling=\"no\" marginheight=\"0\" marginwidth=\"0\" src=\"https:\/\/maps.google.com\/maps?q=CVJM%20Feriendorf%20Wildflecken&amp;t=m&amp;z=14&amp;output=embed&amp;iwloc=near\" title=\"CVJM Feriendorf Wildflecken\" aria-label=\"CVJM Feriendorf Wildflecken\"><\/iframe><\/p>\n<h2>Impressum<\/h2>\n<pre>Cyrill M\u00f6ckli\nVordergasse 42\nCH-8213 Neunkirch<\/pre>\n","protected":false},"excerpt":{"rendered":"<p>ShikaCon &#8211; Die Con im Feriendorf Datum Folgt &#8211; CVJM FERIENDORF WILDFLECKEN&nbsp; ANMELDUNG FOLGT Was ist die ShikaCon? Die erste in einem Feriendorf. Stell dir vor, du wachst auf und bist in der Natur. Wir sind die einzige Con auf der du direkt auf dem Gel\u00e4nde \u00dcbernachten kannst und darfst.&nbsp; ORGANISATION Die ShikaCon ist ein &hellip;<\/p>\n<p class=\"read-more\"> <a class=\"\" href=\"https:\/\/shikacon.de\/\"> <span class=\"screen-reader-text\">Home<\/span> Weiterlesen &raquo;<\/a><\/p>\n","protected":false},"author":1,"featured_media":0,"parent":0,"menu_order":0,"comment_status":"closed","ping_status":"closed","template":"elementor_header_footer","meta":{"site-sidebar-layout":"default","site-content-layout":"default","ast-global-header-display":"","ast-main-header-display":"","ast-hfb-above-header-display":"","ast-hfb-below-header-display":"","ast-hfb-mobile-header-display":"","site-post-title":"","ast-breadcrumbs-content":"","ast-featured-img":"","footer-sml-layout":"","theme-transparent-header-meta":"","adv-header-id-meta":"","stick-header-meta":"","header-above-stick-meta":"","header-main-stick-meta":"","header-below-stick-meta":"","footnotes":""},"class_list":["post-6","page","type-page","status-publish","hentry"],"yoast_head":"<!-- This site is optimized with the Yoast SEO plugin v26.5 - https:\/\/yoast.com\/wordpress\/plugins\/seo\/ -->\n<title>Home - ShikaCon - Die Con im Feriendorf<\/title>\n<meta name=\"robots\" content=\"index, follow, max-snippet:-1, max-image-preview:large, max-video-preview:-1\" \/>\n<link rel=\"canonical\" href=\"https:\/\/shikacon.de\/\" \/>\n<meta property=\"og:locale\" content=\"de_DE\" \/>\n<meta property=\"og:type\" content=\"article\" \/>\n<meta property=\"og:title\" content=\"Home - ShikaCon - Die Con im Feriendorf\" \/>\n<meta property=\"og:description\" content=\"ShikaCon &#8211; Die Con im Feriendorf Datum Folgt &#8211; CVJM FERIENDORF WILDFLECKEN&nbsp; ANMELDUNG FOLGT Was ist die ShikaCon? Die erste in einem Feriendorf. Stell dir vor, du wachst auf und bist in der Natur. Wir sind die einzige Con auf der du direkt auf dem Gel\u00e4nde \u00dcbernachten kannst und darfst.&nbsp; ORGANISATION Die ShikaCon ist ein &hellip; Home Weiterlesen &raquo;\" \/>\n<meta property=\"og:url\" content=\"https:\/\/shikacon.de\/\" \/>\n<meta property=\"og:site_name\" content=\"ShikaCon - Die Con im Feriendorf\" \/>\n<meta property=\"article:modified_time\" content=\"2022-04-23T17:03:25+00:00\" \/>\n<meta property=\"og:image\" content=\"http:\/\/beta.winterwrapup.eu\/wp-content\/uploads\/2021\/05\/broniesde-bannerneu.png\" \/>\n<meta name=\"twitter:card\" content=\"summary_large_image\" \/>\n<meta name=\"twitter:label1\" content=\"Gesch\u00e4tzte Lesezeit\" \/>\n\t<meta name=\"twitter:data1\" content=\"1\u00a0Minute\" \/>\n<script type=\"application\/ld+json\" class=\"yoast-schema-graph\">{\"@context\":\"https:\/\/schema.org\",\"@graph\":[{\"@type\":\"WebPage\",\"@id\":\"https:\/\/shikacon.de\/\",\"url\":\"https:\/\/shikacon.de\/\",\"name\":\"Home - ShikaCon - Die Con im Feriendorf\",\"isPartOf\":{\"@id\":\"https:\/\/shikacon.de\/#website\"},\"primaryImageOfPage\":{\"@id\":\"https:\/\/shikacon.de\/#primaryimage\"},\"image\":{\"@id\":\"https:\/\/shikacon.de\/#primaryimage\"},\"thumbnailUrl\":\"http:\/\/beta.winterwrapup.eu\/wp-content\/uploads\/2021\/05\/broniesde-bannerneu.png\",\"datePublished\":\"2018-08-18T20:38:17+00:00\",\"dateModified\":\"2022-04-23T17:03:25+00:00\",\"breadcrumb\":{\"@id\":\"https:\/\/shikacon.de\/#breadcrumb\"},\"inLanguage\":\"de\",\"potentialAction\":[{\"@type\":\"ReadAction\",\"target\":[\"https:\/\/shikacon.de\/\"]}]},{\"@type\":\"ImageObject\",\"inLanguage\":\"de\",\"@id\":\"https:\/\/shikacon.de\/#primaryimage\",\"url\":\"http:\/\/beta.winterwrapup.eu\/wp-content\/uploads\/2021\/05\/broniesde-bannerneu.png\",\"contentUrl\":\"http:\/\/beta.winterwrapup.eu\/wp-content\/uploads\/2021\/05\/broniesde-bannerneu.png\"},{\"@type\":\"BreadcrumbList\",\"@id\":\"https:\/\/shikacon.de\/#breadcrumb\",\"itemListElement\":[{\"@type\":\"ListItem\",\"position\":1,\"name\":\"Home\",\"item\":\"https:\/\/shikacon.de\/\"},{\"@type\":\"ListItem\",\"position\":2,\"name\":\"Home\"}]},{\"@type\":\"WebSite\",\"@id\":\"https:\/\/shikacon.de\/#website\",\"url\":\"https:\/\/shikacon.de\/\",\"name\":\"ShikaCon - Die Con im Feriendorf\",\"description\":\"\",\"potentialAction\":[{\"@type\":\"SearchAction\",\"target\":{\"@type\":\"EntryPoint\",\"urlTemplate\":\"https:\/\/shikacon.de\/?s={search_term_string}\"},\"query-input\":{\"@type\":\"PropertyValueSpecification\",\"valueRequired\":true,\"valueName\":\"search_term_string\"}}],\"inLanguage\":\"de\"}]}<\/script>\n<!-- \/ Yoast SEO plugin. -->","yoast_head_json":{"title":"Home - ShikaCon - Die Con im Feriendorf","robots":{"index":"index","follow":"follow","max-snippet":"max-snippet:-1","max-image-preview":"max-image-preview:large","max-video-preview":"max-video-preview:-1"},"canonical":"https:\/\/shikacon.de\/","og_locale":"de_DE","og_type":"article","og_title":"Home - ShikaCon - Die Con im Feriendorf","og_description":"ShikaCon &#8211; Die Con im Feriendorf Datum Folgt &#8211; CVJM FERIENDORF WILDFLECKEN&nbsp; ANMELDUNG FOLGT Was ist die ShikaCon? Die erste in einem Feriendorf. Stell dir vor, du wachst auf und bist in der Natur. Wir sind die einzige Con auf der du direkt auf dem Gel\u00e4nde \u00dcbernachten kannst und darfst.&nbsp; ORGANISATION Die ShikaCon ist ein &hellip; Home Weiterlesen &raquo;","og_url":"https:\/\/shikacon.de\/","og_site_name":"ShikaCon - Die Con im Feriendorf","article_modified_time":"2022-04-23T17:03:25+00:00","og_image":[{"url":"http:\/\/beta.winterwrapup.eu\/wp-content\/uploads\/2021\/05\/broniesde-bannerneu.png","type":"","width":"","height":""}],"twitter_card":"summary_large_image","twitter_misc":{"Gesch\u00e4tzte Lesezeit":"1\u00a0Minute"},"schema":{"@context":"https:\/\/schema.org","@graph":[{"@type":"WebPage","@id":"https:\/\/shikacon.de\/","url":"https:\/\/shikacon.de\/","name":"Home - ShikaCon - Die Con im Feriendorf","isPartOf":{"@id":"https:\/\/shikacon.de\/#website"},"primaryImageOfPage":{"@id":"https:\/\/shikacon.de\/#primaryimage"},"image":{"@id":"https:\/\/shikacon.de\/#primaryimage"},"thumbnailUrl":"http:\/\/beta.winterwrapup.eu\/wp-content\/uploads\/2021\/05\/broniesde-bannerneu.png","datePublished":"2018-08-18T20:38:17+00:00","dateModified":"2022-04-23T17:03:25+00:00","breadcrumb":{"@id":"https:\/\/shikacon.de\/#breadcrumb"},"inLanguage":"de","potentialAction":[{"@type":"ReadAction","target":["https:\/\/shikacon.de\/"]}]},{"@type":"ImageObject","inLanguage":"de","@id":"https:\/\/shikacon.de\/#primaryimage","url":"http:\/\/beta.winterwrapup.eu\/wp-content\/uploads\/2021\/05\/broniesde-bannerneu.png","contentUrl":"http:\/\/beta.winterwrapup.eu\/wp-content\/uploads\/2021\/05\/broniesde-bannerneu.png"},{"@type":"BreadcrumbList","@id":"https:\/\/shikacon.de\/#breadcrumb","itemListElement":[{"@type":"ListItem","position":1,"name":"Home","item":"https:\/\/shikacon.de\/"},{"@type":"ListItem","position":2,"name":"Home"}]},{"@type":"WebSite","@id":"https:\/\/shikacon.de\/#website","url":"https:\/\/shikacon.de\/","name":"ShikaCon - Die Con im Feriendorf","description":"","potentialAction":[{"@type":"SearchAction","target":{"@type":"EntryPoint","urlTemplate":"https:\/\/shikacon.de\/?s={search_term_string}"},"query-input":{"@type":"PropertyValueSpecification","valueRequired":true,"valueName":"search_term_string"}}],"inLanguage":"de"}]}},"_links":{"self":[{"href":"https:\/\/shikacon.de\/index.php?rest_route=\/wp\/v2\/pages\/6","targetHints":{"allow":["GET"]}}],"collection":[{"href":"https:\/\/shikacon.de\/index.php?rest_route=\/wp\/v2\/pages"}],"about":[{"href":"https:\/\/shikacon.de\/index.php?rest_route=\/wp\/v2\/types\/page"}],"author":[{"embeddable":true,"href":"https:\/\/shikacon.de\/index.php?rest_route=\/wp\/v2\/users\/1"}],"replies":[{"embeddable":true,"href":"https:\/\/shikacon.de\/index.php?rest_route=%2Fwp%2Fv2%2Fcomments&post=6"}],"version-history":[{"count":65,"href":"https:\/\/shikacon.de\/index.php?rest_route=\/wp\/v2\/pages\/6\/revisions"}],"predecessor-version":[{"id":422,"href":"https:\/\/shikacon.de\/index.php?rest_route=\/wp\/v2\/pages\/6\/revisions\/422"}],"wp:attachment":[{"href":"https:\/\/shikacon.de\/index.php?rest_route=%2Fwp%2Fv2%2Fmedia&parent=6"}],"curies":[{"name":"wp","href":"https:\/\/api.w.org\/{rel}","templated":true}]}}